{"id":1124,"date":"2019-09-27T16:54:55","date_gmt":"2019-09-27T23:54:55","guid":{"rendered":"https:\/\/www.streetmutts.com\/one-page-express\/"},"modified":"2021-08-15T20:04:34","modified_gmt":"2021-08-16T03:04:34","slug":"one-page-express","status":"publish","type":"page","link":"https:\/\/www.streetmutts.com\/es\/","title":{"rendered":"P\u00e1gina delantera"},"content":{"rendered":"<div  id=\"our-mission\" style=\"background-color: rgb(255, 255, 255);\" data-label=\"Our Mission\" data-id=\"content-image-left\" data-category=\"content\" class=\"content-left-image-section\"> <div  class=\"\"> <div  class=\"row\"> <div  class=\"content-left-image-imgcol\" data-type=\"column\"> <img decoding=\"async\" loading=\"lazy\"  src=\"https:\/\/i0.wp.com\/www.streetmutts.com\/wp-content\/uploads\/2017\/03\/DSCF0176-e1488904187147.jpg?zoom=2&amp;w=3840&amp;ssl=1\" class=\"\" width=\"469\" height=\"235\" src-orig=\"https:\/\/i0.wp.com\/www.streetmutts.com\/wp-content\/uploads\/2017\/03\/DSCF0176-e1488904187147.jpg?w=3840&amp;ssl=1\" scale=\"2\"> <\/div> <div  class=\"content-left-image-textcol dynamic-color\" data-type=\"column\"> <h2  class=\"\">Nuestra misi\u00f3n<\/h2> <p  class=\"large_text\">Si alguna vez ha viajado internacionalmente, probablemente los haya visto. Los perros que duermen al costado de la carretera, buscando entre la basura o buscando sobras, buscando su pr\u00f3xima comida. Cachorros vagando detr\u00e1s de su madre, un perro sarnoso que esquiva h\u00e1bilmente el tr\u00e1fico. Los perros callejeros est\u00e1n por todas partes.<br ><br >El equipo de Street Mutts cree que el trato a los animales en todo el mundo es un reflejo de la comunidad, la cultura y la educaci\u00f3n, y puede verse influenciado por una serie de factores, incluido el entorno pol\u00edtico, el estado socioecon\u00f3mico de la poblaci\u00f3n, las creencias religiosas, entre otros. Nuestra organizaci\u00f3n busca brindar vislumbres de diferentes culturas y comunidades a trav\u00e9s de sus animales, y ayudar a crear conciencia sobre la dif\u00edcil situaci\u00f3n de un perro callejero.<br ><br >Street Mutts se rige por tres ideales: Educar, Inspirar y Empoderar. &nbsp;<br ><br >Educar: Street Mutts cree que la educaci\u00f3n es clave. Trabajamos con organizaciones locales en todo el mundo para desarrollar programas educativos adaptados a las necesidades y desaf\u00edos de la comunidad y la cultura local. Los ni\u00f1os aprender\u00e1n lo que significa ser amable con los animales y las comunidades comprender\u00e1n c\u00f3mo los m\u00e9todos de manejo humanitario benefician tanto a la poblaci\u00f3n animal como a la humana.<br ><br >Inspire: Street Mutts inspira a personas de todo el mundo a trav\u00e9s de im\u00e1genes convincentes que crean conciencia sobre los problemas que enfrentan los animales de la calle y las comunidades a diario. Creemos que la concientizaci\u00f3n generada a trav\u00e9s de fotograf\u00edas y campa\u00f1as en las redes sociales permitir\u00e1 a las personas conectarse y apoyar a las organizaciones locales en sus esfuerzos por mejorar la vida de los animales de la calle.<br ><br >Empoderar: Si bien Street Mutts desarrollar\u00e1 programas educativos, reconocemos que nuestros esfuerzos no tendr\u00e1n \u00e9xito a largo plazo sin el apoyo de organizaciones que trabajan de manera pr\u00e1ctica en las comunidades locales todos los d\u00edas. Daremos a estas organizaciones las herramientas, la capacitaci\u00f3n y los recursos que necesitan para implementar y mantener programas educativos exitosos.<br ><br >\u00bfPuedes marcar la diferencia en la vida de los perros (y gatos) callejeros en todo el mundo?<\/p>  <\/div> <\/div> <\/div> <\/div><div  data-label=\"The Team\" data-id=\"team-large-square-section\" data-category=\"team\" class=\"team-large-square-section\" id=\"the-team\" style=\"background-color: rgb(246, 246, 246);\"> <div  class=\"gridContainer\"> <div  class=\"team-large-square-textcol dynamic-color\" data-type=\"column\"> <h2  class=\"\">El equipo<\/h2> <p  class=\"\"><\/p> <\/div> <div  class=\"team-large-square-innerrow dark-text\" data-type=\"row\"> <div  class=\"team-large-square-membercol cp6cols-tablet cp6cols\"> <div  class=\"team-large-square-membercard\"> <div  class=\"contentswap-effect ContentSwap102\" hover-fx=\"ContentSwap102\" id=\"ContentSwap102\" is-hovered=\"1\"> <div  class=\"ContentSwap102_content initial-image\"><img decoding=\"async\"  class=\"image13\" data-size=\"800x800\" src=\"https:\/\/i2.wp.com\/www.streetmutts.com\/wp-content\/uploads\/2019\/09\/cropped-29468720_10155502527251279_6574903207807401593_n.jpg?w=3840&amp;ssl=1\" scale-fail=\"2\"> <\/div> <div  class=\"overlay\" style=\"display: block; opacity: 1;\"><\/div> <div  class=\"swap-inner\" style=\"opacity: 1; display: block;\"> <div  class=\"ContentSwap102-center\"> <a href=\"https:\/\/www.streetmutts.com\/es\/\" target=\"_blank\" data-reiki-hidden=\"true\" rel=\"noopener\"><i  data-cp-fa=\"true\" class=\"team-large-square-membericon fa fa-envelope-o\"><\/i><\/a> <a href=\"#\" target=\"_self\" data-reiki-hidden=\"true\" rel=\"noopener\"><i  data-cp-fa=\"true\" class=\"team-large-square-membericon fa fa-linkedin\"><\/i><\/a> <a href=\"#\" target=\"_self\" data-reiki-hidden=\"true\" rel=\"noopener\"><i  data-cp-fa=\"true\" class=\"team-large-square-membericon fa fa-dribbble\"><\/i><\/a> <\/div> <\/div> <\/div> <div  class=\"team-large-square-memberinfo\" data-type=\"column\"> <h3  class=\"team-large-square-membername\">Melissa salvaje<\/h3> <h4  class=\"team-large-square-memberposition\">Co-fundador y presidente<\/h4> <p  class=\"\">melissa@streetmutts.com<\/p> <\/div> <\/div> <\/div> <div  class=\"team-large-square-membercol cp6cols-tablet cp6cols\"> <div  class=\"team-large-square-membercard\"> <div  class=\"contentswap-effect ContentSwap102\" hover-fx=\"ContentSwap102\" id=\"ContentSwap102\" is-hovered=\"1\"> <div  class=\"ContentSwap102_content initial-image\"><img decoding=\"async\" loading=\"lazy\"  class=\"image13\" data-size=\"800x800\" src=\"https:\/\/i1.wp.com\/www.streetmutts.com\/wp-content\/uploads\/2017\/03\/14915536_10157677395160425_1025285868353612807_n.jpg?zoom=2&amp;w=3840&amp;ssl=1\" width=\"344\" height=\"344\" src-orig=\"https:\/\/i1.wp.com\/www.streetmutts.com\/wp-content\/uploads\/2017\/03\/14915536_10157677395160425_1025285868353612807_n.jpg?w=3840&amp;ssl=1\" scale=\"2\"> <\/div> <div  class=\"overlay\" style=\"display: block; opacity: 1;\"><\/div> <div  class=\"swap-inner\" style=\"opacity: 1; display: block;\"> <div  class=\"ContentSwap102-center\"> <a href=\"#\" target=\"_self\" data-reiki-hidden=\"true\" rel=\"noopener\"><i  data-cp-fa=\"true\" class=\"team-large-square-membericon fa fa-twitter\"><\/i><\/a> <a href=\"#\" target=\"_self\" data-reiki-hidden=\"true\" rel=\"noopener\"><i  data-cp-fa=\"true\" class=\"team-large-square-membericon fa fa-linkedin\"><\/i><\/a> <a href=\"#\" target=\"_self\" data-reiki-hidden=\"true\" rel=\"noopener\"><i  data-cp-fa=\"true\" class=\"team-large-square-membericon fa fa-dribbble\"><\/i><\/a> <\/div> <\/div> <\/div> <div  class=\"team-large-square-memberinfo\" data-type=\"column\"> <h3  class=\"team-large-square-membername\">Melanie Gilbert<\/h3> <h4  class=\"team-large-square-memberposition\">Co-fundador y vicepresidente<\/h4> <p  class=\"\">melanie@streetmutts.com<\/p> <\/div> <\/div> <\/div>  <\/div> <\/div><\/div><div  data-label=\"Resources\" data-id=\"content-full-right-image-section\" data-category=\"content\" class=\"content-full-right-image-section\" id=\"resources\" style=\"background-color: rgb(255, 255, 255);\"> <div  class=\"content-full-right-image-innerrow\"> <div  class=\"content-full-right-image-textcol dynamic-color\"> <div  data-type=\"column\" class=\"\"> <h5  class=\"\">Recursos<\/h5> <h2  class=\"\">Libros para colorear<\/h2> <p  class=\"\">Nos complace ofrecer libros para colorear y materiales educativos, dise\u00f1ados espec\u00edficamente para comunidades con animales que deambulan libremente, sin cargo para individuos u organizaciones que trabajan en el bienestar animal.<\/p> <a class=\"button blue\" href=\"https:\/\/www.streetmutts.com\/es\/coloring-book\/\" target=\"_self\" rel=\"noopener\">M\u00e1s informaci\u00f3n<\/a><\/div> <div  class=\"content-full-right-image-featuresrow\"> <div  class=\"content-full-right-image-featurescol\" data-type=\"column\">     <\/div> <div  class=\"content-full-right-image-featurescol\" data-type=\"column\">     <\/div> <\/div> <\/div> <div  data-bg=\"image\" class=\"content-full-right-image-imgcol\" style=\"background-image: url(&quot;https:\/\/www.streetmutts.com\/wp-content\/uploads\/2019\/08\/cover-color.png&quot;);\"><\/div> <\/div><\/div><div  data-label=\"Donate\" data-id=\"content-image-right\" data-category=\"content\" class=\"content-right-image-section content-image-right\" id=\"donate\" style=\"background-color: rgb(246, 246, 246);\"> <div  class=\"gridContainer\"> <div  class=\"content-right-image-gridcol\"> <div  class=\"content-right-image-textcol dynamic-color\" data-type=\"column\"> <h2  class=\"\">Donar<\/h2>  <a class=\"button blue\" href=\"https:\/\/www.streetmutts.com\/es\/donate\/\" target=\"_self\" rel=\"noopener\"> Haga clic aqu\u00ed para donar <\/a> <p  class=\"\">Street Mutts es una organizaci\u00f3n registrada 501c3 y las donaciones son deducibles de impuestos de acuerdo con las regulaciones del IRS.<\/p><\/div> <div  class=\"content-right-image-imgcol\" data-type=\"column\"> <img decoding=\"async\" loading=\"lazy\"  src=\"https:\/\/i0.wp.com\/www.streetmutts.com\/wp-content\/uploads\/2017\/03\/DSCF1047-e1489085963200.jpg?zoom=2&amp;w=3840&amp;ssl=1\" class=\"\" width=\"419\" height=\"279\" src-orig=\"https:\/\/i0.wp.com\/www.streetmutts.com\/wp-content\/uploads\/2017\/03\/DSCF1047-e1489085963200.jpg?w=3840&amp;ssl=1\" scale=\"2\"> <\/div> <\/div> <\/div> <\/div><div  data-label=\"Contact\" data-id=\"contact-section\" data-category=\"contact\" data-bg=\"transparent\" class=\"contact-section-formsection white-text contact-section\" id=\"contact\" style=\"background-image: url(&quot;https:\/\/www.streetmutts.com\/wp-content\/uploads\/2017\/03\/DSC_4174-2.jpg&quot;); background-size: auto 728px; background-position: center top 72.31382581416193%; background-repeat: no-repeat no-repeat;\"> <div  class=\"gridContainer\"> <div  class=\"row_224\"> <div  class=\"contact-textrow\"> <div  class=\"contact-textcol dynamic-color\"> <h2  class=\"\">Di hola<\/h2> <p  class=\"white_text\"><\/p> <\/div> <\/div> <\/div> <div  class=\"contact-formcol\" data-content-shortcode=\"one_page_express_contact_form shortcode=&quot;wpforms id=&amp;amp;quot;901&amp;amp;quot;&quot;\" data-editable=\"true\"><div class=\"wpforms-container wpforms-container-full\" id=\"wpforms-901\"><form id=\"wpforms-form-901\" class=\"wpforms-validate wpforms-form\" data-formid=\"901\" method=\"post\" enctype=\"multipart\/form-data\" action=\"\/es\/wp-json\/wp\/v2\/pages\/1124\" data-token=\"3796278070dd38b3bd8855612499ab16\" data-trp-original-action=\"\/es\/wp-json\/wp\/v2\/pages\/1124\"><noscript class=\"wpforms-error-noscript\">Por favor, active JavaScript en tu navegador para completar este formulario.<\/noscript><div class=\"wpforms-field-container\"><div id=\"wpforms-901-field_0-container\" class=\"wpforms-field wpforms-field-name\" data-field-id=\"0\"><label class=\"wpforms-field-label\" for=\"wpforms-901-field_0\">Nombre <span class=\"wpforms-required-label\">*<\/span><\/label><div class=\"wpforms-field-row wpforms-field-medium\"><div class=\"wpforms-field-row-block wpforms-first wpforms-one-half\"><input type=\"text\" id=\"wpforms-901-field_0\" class=\"wpforms-field-name-first wpforms-field-required\" name=\"wpforms[fields][0][first]\" required><label for=\"wpforms-901-field_0\" class=\"wpforms-field-sublabel after\">Nombre<\/label><\/div><div class=\"wpforms-field-row-block wpforms-one-half\"><input type=\"text\" id=\"wpforms-901-field_0-last\" class=\"wpforms-field-name-last wpforms-field-required\" name=\"wpforms[fields][0][last]\" required><label for=\"wpforms-901-field_0-last\" class=\"wpforms-field-sublabel after\">Apellidos<\/label><\/div><\/div><\/div><div id=\"wpforms-901-field_1-container\" class=\"wpforms-field wpforms-field-email\" data-field-id=\"1\"><label class=\"wpforms-field-label\" for=\"wpforms-901-field_1\">Correo electr\u00f3nico <span class=\"wpforms-required-label\">*<\/span><\/label><input type=\"email\" id=\"wpforms-901-field_1\" class=\"wpforms-field-medium wpforms-field-required\" name=\"wpforms[fields][1]\" required><\/div><div id=\"wpforms-901-field_2-container\" class=\"wpforms-field wpforms-field-textarea\" data-field-id=\"2\"><label class=\"wpforms-field-label\" for=\"wpforms-901-field_2\">Comentario o mensaje <span class=\"wpforms-required-label\">*<\/span><\/label><textarea id=\"wpforms-901-field_2\" class=\"wpforms-field-medium wpforms-field-required\" name=\"wpforms[fields][2]\" required><\/textarea><\/div><\/div><div class=\"wpforms-field wpforms-field-hp\"><label for=\"wpforms-901-field-hp\" class=\"wpforms-field-label\">Correo electr\u00f3nico<\/label><input type=\"text\" name=\"wpforms[hp]\" id=\"wpforms-901-field-hp\" class=\"wpforms-field-medium\"><\/div><input type=\"hidden\" name=\"wpforms[recaptcha]\" value=\"\"><div class=\"wpforms-submit-container\" ><input type=\"hidden\" name=\"wpforms[id]\" value=\"901\"><input type=\"hidden\" name=\"wpforms[author]\" value=\"1\"><button type=\"submit\" name=\"wpforms[submit]\" class=\"wpforms-submit\" id=\"wpforms-submit-901\" value=\"wpforms-submit\" aria-live=\"assertive\" data-alt-text=\"Sending...\" data-submit-text=\"Submit\">Entregar<\/button><\/div><input type=\"hidden\" name=\"trp-form-language\" value=\"es\"\/><\/form><\/div>  <!-- .wpforms-container --><\/div> <\/div><\/div>","protected":false},"excerpt":{"rendered":"<p>Nuestra misi\u00f3n Si alguna vez ha viajado internacionalmente, probablemente los haya visto. Los perros que duermen al costado de la carretera, buscando entre la basura o buscando sobras, buscando su pr\u00f3xima comida. Cachorros vagando detr\u00e1s de su madre, un perro sarnoso que esquiva h\u00e1bilmente el tr\u00e1fico. Los perros callejeros est\u00e1n en todas partes. El equipo de Street Mutts cree que ... <br \/> <a class=\"button small blue\" href=\"https:\/\/www.streetmutts.com\/es\/\">Leer m\u00e1s<\/a><\/p>","protected":false},"author":1,"featured_media":0,"parent":0,"menu_order":0,"comment_status":"closed","ping_status":"closed","template":"","meta":{"give_campaign_id":0,"jetpack_post_was_ever_published":false,"footnotes":""},"class_list":["post-1124","page","type-page","status-publish","hentry"],"campaignId":"","jetpack_sharing_enabled":true,"jetpack_shortlink":"https:\/\/wp.me\/P8uv1Z-i8","jetpack-related-posts":[],"brizy_media":[],"_links":{"self":[{"href":"https:\/\/www.streetmutts.com\/es\/wp-json\/wp\/v2\/pages\/1124","targetHints":{"allow":["GET"]}}],"collection":[{"href":"https:\/\/www.streetmutts.com\/es\/wp-json\/wp\/v2\/pages"}],"about":[{"href":"https:\/\/www.streetmutts.com\/es\/wp-json\/wp\/v2\/types\/page"}],"author":[{"embeddable":true,"href":"https:\/\/www.streetmutts.com\/es\/wp-json\/wp\/v2\/users\/1"}],"replies":[{"embeddable":true,"href":"https:\/\/www.streetmutts.com\/es\/wp-json\/wp\/v2\/comments?post=1124"}],"version-history":[{"count":10,"href":"https:\/\/www.streetmutts.com\/es\/wp-json\/wp\/v2\/pages\/1124\/revisions"}],"predecessor-version":[{"id":1317,"href":"https:\/\/www.streetmutts.com\/es\/wp-json\/wp\/v2\/pages\/1124\/revisions\/1317"}],"wp:attachment":[{"href":"https:\/\/www.streetmutts.com\/es\/wp-json\/wp\/v2\/media?parent=1124"}],"curies":[{"name":"wp","href":"https:\/\/api.w.org\/{rel}","templated":true}]}}