{"id":1093,"date":"2019-09-27T17:46:33","date_gmt":"2019-09-28T00:46:33","guid":{"rendered":"https:\/\/www.streetmutts.com\/?page_id=1093"},"modified":"2021-08-16T14:52:07","modified_gmt":"2021-08-16T21:52:07","slug":"coloring-book","status":"publish","type":"page","link":"https:\/\/www.streetmutts.com\/fr\/coloring-book\/","title":{"rendered":"Livres \u00e0 colorier"},"content":{"rendered":"<p>Nous avons deux livres de coloriage qui sont disponibles pour les organisations \u00e0 utiliser et \u00e0 t\u00e9l\u00e9charger. <\/p>\n\n\n\n<iframe loading=\"lazy\" style=\"border: 1px solid #777;\" src=\"https:\/\/indd.adobe.com\/embed\/c249c00e-c5d6-494c-82de-052dd2e45491?startpage=1&amp;allowFullscreen=false\" width=\"525px\" height=\"371px\" frameborder=\"0\" allowfullscreen=\"\"><\/iframe>\n\n\n<div class='w3eden'><!-- WPDM Link Template: Default Template -->\n\n<div class=\"link-template-default card mb-2\">\n    <div class=\"card-body\">\n        <div class=\"media\">\n            <div class=\"mr-3 img-48\"><img decoding=\"async\" class=\"wpdm_icon\" alt=\"Ic\u00f4ne\" src=\"https:\/\/www.streetmutts.com\/wp-content\/plugins\/download-manager\/assets\/file-type-icons\/pdf.svg\" \/><\/div>\n            <div class=\"media-body\">\n                <h3 class=\"package-title\"><a href='https:\/\/www.streetmutts.com\/fr\/download\/making-friends-with-dogs\/'>Se faire des amis avec des chiens (anglais)<\/a><\/h3>\n                <div class=\"text-muted text-small\"><i class=\"fas fa-copy\"><\/i> 1 fichier\u00b7s <i class=\"fas fa-hdd ml-3\"><\/i> 7,7 Mo<\/div>\n            <\/div>\n            <div class=\"ml-3\">\n                <a href='#unlock' class='wpdm-download-link wpdm-download-locked btn btn-primary' data-package='1233'>T\u00e9l\u00e9charger<\/a>\n            <\/div>\n        <\/div>\n    <\/div>\n<\/div>\n\n<\/div>\n\n\n\n<p><\/p>\n\n\n\n<iframe loading=\"lazy\" style=\"border: 1px solid #777;\" src=\"https:\/\/indd.adobe.com\/embed\/914b9dbc-0ea1-4005-9ac6-931d842e0d62?startpage=1&amp;allowFullscreen=false\" width=\"525px\" height=\"371px\" frameborder=\"0\" allowfullscreen=\"\"><\/iframe>\n\n\n<div class='w3eden'><!-- WPDM Link Template: Default Template -->\n\n<div class=\"link-template-default card mb-2\">\n    <div class=\"card-body\">\n        <div class=\"media\">\n            <div class=\"mr-3 img-48\"><img decoding=\"async\" class=\"wpdm_icon\" alt=\"Ic\u00f4ne\" src=\"https:\/\/www.streetmutts.com\/wp-content\/plugins\/download-manager\/assets\/file-type-icons\/pdf.svg\" \/><\/div>\n            <div class=\"media-body\">\n                <h3 class=\"package-title\"><a href='https:\/\/www.streetmutts.com\/fr\/download\/hello-puppy-english-2\/'>Bonjour, Chiot ! (Anglais)<\/a><\/h3>\n                <div class=\"text-muted text-small\"><i class=\"fas fa-copy\"><\/i> 1 fichier\u00b7s <i class=\"fas fa-hdd ml-3\"><\/i> 9,09 Mo<\/div>\n            <\/div>\n            <div class=\"ml-3\">\n                <a href='#unlock' class='wpdm-download-link wpdm-download-locked btn btn-primary' data-package='1308'>T\u00e9l\u00e9charger<\/a>\n            <\/div>\n        <\/div>\n    <\/div>\n<\/div>\n\n<\/div>","protected":false},"excerpt":{"rendered":"<p>Nous avons deux livres de coloriage qui sont disponibles pour les organisations \u00e0 utiliser et \u00e0 t\u00e9l\u00e9charger.<\/p>","protected":false},"author":1,"featured_media":1332,"parent":0,"menu_order":0,"comment_status":"closed","ping_status":"closed","template":"brizy-blank-template.php","meta":{"give_campaign_id":0,"jetpack_post_was_ever_published":false,"footnotes":""},"class_list":["post-1093","page","type-page","status-publish","has-post-thumbnail","hentry"],"campaignId":"","jetpack_sharing_enabled":true,"jetpack_shortlink":"https:\/\/wp.me\/P8uv1Z-hD","jetpack-related-posts":[],"brizy_media":[],"_links":{"self":[{"href":"https:\/\/www.streetmutts.com\/fr\/wp-json\/wp\/v2\/pages\/1093","targetHints":{"allow":["GET"]}}],"collection":[{"href":"https:\/\/www.streetmutts.com\/fr\/wp-json\/wp\/v2\/pages"}],"about":[{"href":"https:\/\/www.streetmutts.com\/fr\/wp-json\/wp\/v2\/types\/page"}],"author":[{"embeddable":true,"href":"https:\/\/www.streetmutts.com\/fr\/wp-json\/wp\/v2\/users\/1"}],"replies":[{"embeddable":true,"href":"https:\/\/www.streetmutts.com\/fr\/wp-json\/wp\/v2\/comments?post=1093"}],"version-history":[{"count":10,"href":"https:\/\/www.streetmutts.com\/fr\/wp-json\/wp\/v2\/pages\/1093\/revisions"}],"predecessor-version":[{"id":1334,"href":"https:\/\/www.streetmutts.com\/fr\/wp-json\/wp\/v2\/pages\/1093\/revisions\/1334"}],"wp:featuredmedia":[{"embeddable":true,"href":"https:\/\/www.streetmutts.com\/fr\/wp-json\/wp\/v2\/media\/1332"}],"wp:attachment":[{"href":"https:\/\/www.streetmutts.com\/fr\/wp-json\/wp\/v2\/media?parent=1093"}],"curies":[{"name":"wp","href":"https:\/\/api.w.org\/{rel}","templated":true}]}}