{"id":1124,"date":"2019-09-27T16:54:55","date_gmt":"2019-09-27T23:54:55","guid":{"rendered":"https:\/\/www.streetmutts.com\/one-page-express\/"},"modified":"2021-08-15T20:04:34","modified_gmt":"2021-08-16T03:04:34","slug":"one-page-express","status":"publish","type":"page","link":"https:\/\/www.streetmutts.com\/fr\/","title":{"rendered":"Page de garde"},"content":{"rendered":"<div  id=\"our-mission\" style=\"background-color: rgb(255, 255, 255);\" data-label=\"Our Mission\" data-id=\"content-image-left\" data-category=\"content\" class=\"content-left-image-section\"> <div  class=\"\"> <div  class=\"row\"> <div  class=\"content-left-image-imgcol\" data-type=\"column\"> <img decoding=\"async\" loading=\"lazy\"  src=\"https:\/\/i0.wp.com\/www.streetmutts.com\/wp-content\/uploads\/2017\/03\/DSCF0176-e1488904187147.jpg?zoom=2&amp;w=3840&amp;ssl=1\" class=\"\" width=\"469\" height=\"235\" src-orig=\"https:\/\/i0.wp.com\/www.streetmutts.com\/wp-content\/uploads\/2017\/03\/DSCF0176-e1488904187147.jpg?w=3840&amp;ssl=1\" scale=\"2\"> <\/div> <div  class=\"content-left-image-textcol dynamic-color\" data-type=\"column\"> <h2  class=\"\">Notre mission<\/h2> <p  class=\"large_text\">Si vous avez d\u00e9j\u00e0 voyag\u00e9 \u00e0 l&#039;\u00e9tranger, vous les avez probablement vus. Les chiens qui dorment au bord de la route, fouillant dans les poubelles ou cherchant des restes, cherchant leur prochain repas. Des chiots errant apr\u00e8s leur m\u00e8re, un chien galeux esquivant adroitement la circulation. Les cabots de rue sont partout.<br ><br >L&#039;\u00e9quipe de Street Mutts estime que le traitement des animaux dans le monde est un reflet de la communaut\u00e9, de la culture et de l&#039;\u00e9ducation, et peut \u00eatre influenc\u00e9 par un certain nombre de facteurs, notamment l&#039;environnement politique, le statut socio-\u00e9conomique de la population, les croyances religieuses, entre autres. Notre organisation cherche \u00e0 donner un aper\u00e7u de diff\u00e9rentes cultures et communaut\u00e9s \u00e0 travers leurs animaux, et \u00e0 aider \u00e0 sensibiliser au sort d&#039;un chien de rue.<br ><br >Street Mutts est r\u00e9gi par trois id\u00e9aux : \u00e9duquer, inspirer et responsabiliser. &nbsp;<br ><br >\u00c9duquer : Street Mutts croit que l&#039;\u00e9ducation est la cl\u00e9. Nous travaillons avec des organisations locales du monde entier pour d\u00e9velopper des programmes \u00e9ducatifs adapt\u00e9s aux besoins et aux d\u00e9fis de la communaut\u00e9 et de la culture locales. Les enfants apprendront ce que signifie \u00eatre gentil avec les animaux, et les communaut\u00e9s comprendront comment les m\u00e9thodes de gestion sans cruaut\u00e9 profitent \u00e0 la fois aux populations animales et humaines.<br ><br >Inspire : Street Mutts inspire les individus du monde entier gr\u00e2ce \u00e0 des images captivantes qui sensibilisent aux probl\u00e8mes auxquels les animaux de la rue et les communaut\u00e9s sont confront\u00e9s au quotidien. Nous pensons que la sensibilisation gr\u00e2ce \u00e0 des photos et des campagnes sur les r\u00e9seaux sociaux permettra aux individus de se connecter et de soutenir les organisations locales dans leurs efforts pour am\u00e9liorer la vie des animaux des rues.<br ><br >Autonomiser : Alors que Street Mutts d\u00e9veloppera des programmes \u00e9ducatifs, nous reconnaissons que nos efforts ne seront pas couronn\u00e9s de succ\u00e8s \u00e0 long terme sans le soutien d&#039;organisations qui travaillent quotidiennement dans les communaut\u00e9s locales. Nous donnerons \u00e0 ces organisations les outils, la formation et les ressources dont elles ont besoin pour mettre en \u0153uvre et maintenir des programmes \u00e9ducatifs r\u00e9ussis.<br ><br >Pouvez-vous faire une diff\u00e9rence dans la vie des chiens (et chats) des rues dans le monde entier\u00a0?<\/p>  <\/div> <\/div> <\/div> <\/div><div  data-label=\"The Team\" data-id=\"team-large-square-section\" data-category=\"team\" class=\"team-large-square-section\" id=\"the-team\" style=\"background-color: rgb(246, 246, 246);\"> <div  class=\"gridContainer\"> <div  class=\"team-large-square-textcol dynamic-color\" data-type=\"column\"> <h2  class=\"\">L&#039;\u00e9quipe<\/h2> <p  class=\"\"><\/p> <\/div> <div  class=\"team-large-square-innerrow dark-text\" data-type=\"row\"> <div  class=\"team-large-square-membercol cp6cols-tablet cp6cols\"> <div  class=\"team-large-square-membercard\"> <div  class=\"contentswap-effect ContentSwap102\" hover-fx=\"ContentSwap102\" id=\"ContentSwap102\" is-hovered=\"1\"> <div  class=\"ContentSwap102_content initial-image\"><img decoding=\"async\"  class=\"image13\" data-size=\"800x800\" src=\"https:\/\/i2.wp.com\/www.streetmutts.com\/wp-content\/uploads\/2019\/09\/cropped-29468720_10155502527251279_6574903207807401593_n.jpg?w=3840&amp;ssl=1\" scale-fail=\"2\"> <\/div> <div  class=\"overlay\" style=\"display: block; opacity: 1;\"><\/div> <div  class=\"swap-inner\" style=\"opacity: 1; display: block;\"> <div  class=\"ContentSwap102-center\"> <a href=\"https:\/\/www.streetmutts.com\/fr\/\" target=\"_blank\" data-reiki-hidden=\"true\" rel=\"noopener\"><i  data-cp-fa=\"true\" class=\"team-large-square-membericon fa fa-envelope-o\"><\/i><\/a> <a href=\"#\" target=\"_self\" data-reiki-hidden=\"true\" rel=\"noopener\"><i  data-cp-fa=\"true\" class=\"team-large-square-membericon fa fa-linkedin\"><\/i><\/a> <a href=\"#\" target=\"_self\" data-reiki-hidden=\"true\" rel=\"noopener\"><i  data-cp-fa=\"true\" class=\"team-large-square-membericon fa fa-dribbble\"><\/i><\/a> <\/div> <\/div> <\/div> <div  class=\"team-large-square-memberinfo\" data-type=\"column\"> <h3  class=\"team-large-square-membername\">M\u00e9lissa Sauvage<\/h3> <h4  class=\"team-large-square-memberposition\">Co-fondateur &amp; Pr\u00e9sident<\/h4> <p  class=\"\">melissa@streetmutts.com<\/p> <\/div> <\/div> <\/div> <div  class=\"team-large-square-membercol cp6cols-tablet cp6cols\"> <div  class=\"team-large-square-membercard\"> <div  class=\"contentswap-effect ContentSwap102\" hover-fx=\"ContentSwap102\" id=\"ContentSwap102\" is-hovered=\"1\"> <div  class=\"ContentSwap102_content initial-image\"><img decoding=\"async\" loading=\"lazy\"  class=\"image13\" data-size=\"800x800\" src=\"https:\/\/i1.wp.com\/www.streetmutts.com\/wp-content\/uploads\/2017\/03\/14915536_10157677395160425_1025285868353612807_n.jpg?zoom=2&amp;w=3840&amp;ssl=1\" width=\"344\" height=\"344\" src-orig=\"https:\/\/i1.wp.com\/www.streetmutts.com\/wp-content\/uploads\/2017\/03\/14915536_10157677395160425_1025285868353612807_n.jpg?w=3840&amp;ssl=1\" scale=\"2\"> <\/div> <div  class=\"overlay\" style=\"display: block; opacity: 1;\"><\/div> <div  class=\"swap-inner\" style=\"opacity: 1; display: block;\"> <div  class=\"ContentSwap102-center\"> <a href=\"#\" target=\"_self\" data-reiki-hidden=\"true\" rel=\"noopener\"><i  data-cp-fa=\"true\" class=\"team-large-square-membericon fa fa-twitter\"><\/i><\/a> <a href=\"#\" target=\"_self\" data-reiki-hidden=\"true\" rel=\"noopener\"><i  data-cp-fa=\"true\" class=\"team-large-square-membericon fa fa-linkedin\"><\/i><\/a> <a href=\"#\" target=\"_self\" data-reiki-hidden=\"true\" rel=\"noopener\"><i  data-cp-fa=\"true\" class=\"team-large-square-membericon fa fa-dribbble\"><\/i><\/a> <\/div> <\/div> <\/div> <div  class=\"team-large-square-memberinfo\" data-type=\"column\"> <h3  class=\"team-large-square-membername\">M\u00e9lanie Gilbert<\/h3> <h4  class=\"team-large-square-memberposition\">Co-fondateur et vice-pr\u00e9sident<\/h4> <p  class=\"\">melanie@streetmutts.com<\/p> <\/div> <\/div> <\/div>  <\/div> <\/div><\/div><div  data-label=\"Resources\" data-id=\"content-full-right-image-section\" data-category=\"content\" class=\"content-full-right-image-section\" id=\"resources\" style=\"background-color: rgb(255, 255, 255);\"> <div  class=\"content-full-right-image-innerrow\"> <div  class=\"content-full-right-image-textcol dynamic-color\"> <div  data-type=\"column\" class=\"\"> <h5  class=\"\">Ressources<\/h5> <h2  class=\"\">Livres \u00e0 colorier<\/h2> <p  class=\"\">Nous sommes heureux d&#039;offrir des livres \u00e0 colorier et du mat\u00e9riel \u00e9ducatif, sp\u00e9cialement con\u00e7us pour les communaut\u00e9s avec des animaux en libert\u00e9, gratuitement pour les individus ou les organisations travaillant dans le domaine du bien-\u00eatre animal.<\/p> <a class=\"button blue\" href=\"https:\/\/www.streetmutts.com\/fr\/coloring-book\/\" target=\"_self\" rel=\"noopener\">Plus d&#039;information<\/a><\/div> <div  class=\"content-full-right-image-featuresrow\"> <div  class=\"content-full-right-image-featurescol\" data-type=\"column\">     <\/div> <div  class=\"content-full-right-image-featurescol\" data-type=\"column\">     <\/div> <\/div> <\/div> <div  data-bg=\"image\" class=\"content-full-right-image-imgcol\" style=\"background-image: url(&quot;https:\/\/www.streetmutts.com\/wp-content\/uploads\/2019\/08\/cover-color.png&quot;);\"><\/div> <\/div><\/div><div  data-label=\"Donate\" data-id=\"content-image-right\" data-category=\"content\" class=\"content-right-image-section content-image-right\" id=\"donate\" style=\"background-color: rgb(246, 246, 246);\"> <div  class=\"gridContainer\"> <div  class=\"content-right-image-gridcol\"> <div  class=\"content-right-image-textcol dynamic-color\" data-type=\"column\"> <h2  class=\"\">Faire un don<\/h2>  <a class=\"button blue\" href=\"https:\/\/www.streetmutts.com\/fr\/donate\/\" target=\"_self\" rel=\"noopener\"> Cliquez ici pour faire un don <\/a> <p  class=\"\">Street Mutts est une organisation enregistr\u00e9e 501c3 et les dons sont d\u00e9ductibles des imp\u00f4ts conform\u00e9ment \u00e0 la r\u00e9glementation de l&#039;IRS.<\/p><\/div> <div  class=\"content-right-image-imgcol\" data-type=\"column\"> <img decoding=\"async\" loading=\"lazy\"  src=\"https:\/\/i0.wp.com\/www.streetmutts.com\/wp-content\/uploads\/2017\/03\/DSCF1047-e1489085963200.jpg?zoom=2&amp;w=3840&amp;ssl=1\" class=\"\" width=\"419\" height=\"279\" src-orig=\"https:\/\/i0.wp.com\/www.streetmutts.com\/wp-content\/uploads\/2017\/03\/DSCF1047-e1489085963200.jpg?w=3840&amp;ssl=1\" scale=\"2\"> <\/div> <\/div> <\/div> <\/div><div  data-label=\"Contact\" data-id=\"contact-section\" data-category=\"contact\" data-bg=\"transparent\" class=\"contact-section-formsection white-text contact-section\" id=\"contact\" style=\"background-image: url(&quot;https:\/\/www.streetmutts.com\/wp-content\/uploads\/2017\/03\/DSC_4174-2.jpg&quot;); background-size: auto 728px; background-position: center top 72.31382581416193%; background-repeat: no-repeat no-repeat;\"> <div  class=\"gridContainer\"> <div  class=\"row_224\"> <div  class=\"contact-textrow\"> <div  class=\"contact-textcol dynamic-color\"> <h2  class=\"\">Dis bonjour<\/h2> <p  class=\"white_text\"><\/p> <\/div> <\/div> <\/div> <div  class=\"contact-formcol\" data-content-shortcode=\"one_page_express_contact_form shortcode=&quot;wpforms id=&amp;amp;quot;901&amp;amp;quot;&quot;\" data-editable=\"true\"><div class=\"wpforms-container wpforms-container-full\" id=\"wpforms-901\"><form id=\"wpforms-form-901\" class=\"wpforms-validate wpforms-form\" data-formid=\"901\" method=\"post\" enctype=\"multipart\/form-data\" action=\"\/fr\/wp-json\/wp\/v2\/pages\/1124\" data-token=\"3b6e3cad10d2965a137e9a1c4e2a62c2\" data-trp-original-action=\"\/fr\/wp-json\/wp\/v2\/pages\/1124\"><noscript class=\"wpforms-error-noscript\">Veuillez activer JavaScript dans votre navigateur pour remplir ce formulaire.<\/noscript><div class=\"wpforms-field-container\"><div id=\"wpforms-901-field_0-container\" class=\"wpforms-field wpforms-field-name\" data-field-id=\"0\"><label class=\"wpforms-field-label\" for=\"wpforms-901-field_0\">Nom <span class=\"wpforms-required-label\">*<\/span><\/label><div class=\"wpforms-field-row wpforms-field-medium\"><div class=\"wpforms-field-row-block wpforms-first wpforms-one-half\"><input type=\"text\" id=\"wpforms-901-field_0\" class=\"wpforms-field-name-first wpforms-field-required\" name=\"wpforms[fields][0][first]\" required><label for=\"wpforms-901-field_0\" class=\"wpforms-field-sublabel after\">Pr\u00e9nom<\/label><\/div><div class=\"wpforms-field-row-block wpforms-one-half\"><input type=\"text\" id=\"wpforms-901-field_0-last\" class=\"wpforms-field-name-last wpforms-field-required\" name=\"wpforms[fields][0][last]\" required><label for=\"wpforms-901-field_0-last\" class=\"wpforms-field-sublabel after\">Nom<\/label><\/div><\/div><\/div><div id=\"wpforms-901-field_1-container\" class=\"wpforms-field wpforms-field-email\" data-field-id=\"1\"><label class=\"wpforms-field-label\" for=\"wpforms-901-field_1\">E-mail <span class=\"wpforms-required-label\">*<\/span><\/label><input type=\"email\" id=\"wpforms-901-field_1\" class=\"wpforms-field-medium wpforms-field-required\" name=\"wpforms[fields][1]\" required><\/div><div id=\"wpforms-901-field_2-container\" class=\"wpforms-field wpforms-field-textarea\" data-field-id=\"2\"><label class=\"wpforms-field-label\" for=\"wpforms-901-field_2\">Commentaire ou message <span class=\"wpforms-required-label\">*<\/span><\/label><textarea id=\"wpforms-901-field_2\" class=\"wpforms-field-medium wpforms-field-required\" name=\"wpforms[fields][2]\" required><\/textarea><\/div><\/div><div class=\"wpforms-field wpforms-field-hp\"><label for=\"wpforms-901-field-hp\" class=\"wpforms-field-label\">T\u00e9l\u00e9phoner<\/label><input type=\"text\" name=\"wpforms[hp]\" id=\"wpforms-901-field-hp\" class=\"wpforms-field-medium\"><\/div><input type=\"hidden\" name=\"wpforms[recaptcha]\" value=\"\"><div class=\"wpforms-submit-container\" ><input type=\"hidden\" name=\"wpforms[id]\" value=\"901\"><input type=\"hidden\" name=\"wpforms[author]\" value=\"1\"><button type=\"submit\" name=\"wpforms[submit]\" class=\"wpforms-submit\" id=\"wpforms-submit-901\" value=\"wpforms-submit\" aria-live=\"assertive\" data-alt-text=\"Sending...\" data-submit-text=\"Submit\">Soumettre<\/button><\/div><input type=\"hidden\" name=\"trp-form-language\" value=\"fr\"\/><\/form><\/div>  <!-- .wpforms-container --><\/div> <\/div><\/div>","protected":false},"excerpt":{"rendered":"<p>Notre mission Si vous avez d\u00e9j\u00e0 voyag\u00e9 \u00e0 l&#039;\u00e9tranger, vous les avez probablement d\u00e9j\u00e0 vus. Les chiens qui dorment au bord de la route, fouillant dans les poubelles ou cherchant des restes, cherchant leur prochain repas. Des chiots errant apr\u00e8s leur m\u00e8re, un chien galeux esquivant adroitement la circulation. Les cabots de rue sont partout. L&#039;\u00e9quipe de Street Mutts pense que le\u2026 <br \/> <a class=\"button small blue\" href=\"https:\/\/www.streetmutts.com\/fr\/\">Lire la suite<\/a><\/p>","protected":false},"author":1,"featured_media":0,"parent":0,"menu_order":0,"comment_status":"closed","ping_status":"closed","template":"","meta":{"give_campaign_id":0,"jetpack_post_was_ever_published":false,"footnotes":""},"class_list":["post-1124","page","type-page","status-publish","hentry"],"campaignId":"","jetpack_sharing_enabled":true,"jetpack_shortlink":"https:\/\/wp.me\/P8uv1Z-i8","jetpack-related-posts":[],"brizy_media":[],"_links":{"self":[{"href":"https:\/\/www.streetmutts.com\/fr\/wp-json\/wp\/v2\/pages\/1124","targetHints":{"allow":["GET"]}}],"collection":[{"href":"https:\/\/www.streetmutts.com\/fr\/wp-json\/wp\/v2\/pages"}],"about":[{"href":"https:\/\/www.streetmutts.com\/fr\/wp-json\/wp\/v2\/types\/page"}],"author":[{"embeddable":true,"href":"https:\/\/www.streetmutts.com\/fr\/wp-json\/wp\/v2\/users\/1"}],"replies":[{"embeddable":true,"href":"https:\/\/www.streetmutts.com\/fr\/wp-json\/wp\/v2\/comments?post=1124"}],"version-history":[{"count":10,"href":"https:\/\/www.streetmutts.com\/fr\/wp-json\/wp\/v2\/pages\/1124\/revisions"}],"predecessor-version":[{"id":1317,"href":"https:\/\/www.streetmutts.com\/fr\/wp-json\/wp\/v2\/pages\/1124\/revisions\/1317"}],"wp:attachment":[{"href":"https:\/\/www.streetmutts.com\/fr\/wp-json\/wp\/v2\/media?parent=1124"}],"curies":[{"name":"wp","href":"https:\/\/api.w.org\/{rel}","templated":true}]}}