{"id":28,"date":"2016-01-28T13:45:00","date_gmt":"2016-01-28T13:45:00","guid":{"rendered":"https:\/\/www.streetmutts.com\/?page_id=28"},"modified":"2019-09-27T19:23:50","modified_gmt":"2019-09-28T02:23:50","slug":"donate","status":"publish","type":"page","link":"https:\/\/www.streetmutts.com\/fr\/donate\/","title":{"rendered":"Faire un don"},"content":{"rendered":"<div class=\"brz-root__container brz-reset-all\">\n<section id=\"lemczazfwjhgypwmejcegmamqdtzrvqxccjx\" class=\"brz-section brz-css-jtsoc\" data-uid=\"lemczazfwjhgypwmejcegmamqdtzrvqxccjx\">\n<div class=\"brz-section__items\">\n<div class=\"brz-section__content\" data-custom-id=\"hfdknatuibacasfmhzbjjsyzpkagtbntjiwe\">\n<div class=\"brz-bg brz-css-rlmis\">\n<div class=\"brz-bg-content\">\n<div class=\"brz-container__wrap brz-css-gcijh\">\n<div class=\"brz-container brz-css-defuq\">\n<div class=\"brz-row__container\" data-custom-id=\"qblozwwfmkemcbalaunignpkarcxrhhpyzsk\">\n<div class=\"brz-bg brz-d-xs-flex brz-flex-xs-wrap brz-css-ppgjb\">\n<div class=\"brz-bg-content\">\n<div class=\"brz-row brz-css-bvole brz-css-hpthn\">\n<div class=\"brz-columns brz-css-qhhad\" data-custom-id=\"ijsrdhoaholhbthtwanboqinkvkgrolsjhsh\">\n<div class=\"brz-bg brz-d-xs-flex brz-css-skoix\">\n<div class=\"brz-bg-content\">\n<div class=\"brz-wrapper\">\n<div class=\"brz-d-xs-flex brz-css-ywpao\">\n<div class=\"brz-rich-text\" data-custom-id=\"bjfassdvzjtqohxvualvqayeofnashrtnjsu\">\n<p class=\"brz-tp-paragraph\"><span class=\"brz-cp-color7\">Street Mutts est une organisation enregistr\u00e9e 501c3.<\/span><\/p>\n<\/div>\n<\/div>\n<\/div>\n<\/div>\n<\/div>\n<\/div>\n<div class=\"brz-columns brz-css-qhhad\" data-custom-id=\"shkvdgksgjiapbxlhprjgmbwtivktirkbvqt\">\n<div class=\"brz-bg brz-d-xs-flex brz-css-skoix\">\n<div class=\"brz-bg-content\">\n<div class=\"brz-wrapper\">\n<div class=\"brz-d-xs-flex brz-css-ywpao\">\n<div class=\"brz-wp-shortcode brz-css-kskya\" data-custom-id=\"vjkjeaosgvkibmydnhouydworycmhsjsgwqe\">\n<div>\t<div id=\"give-form-839-wrap\" class=\"give-form-wrap give-display-onpage\">\n\t\t\t\t\t<form id=\"give-form-839-1\" class=\"give-form give-form-839 give-form-type-multi float-labels-enabled\" action=\"https:\/\/www.streetmutts.com\/fr\/wp-json\/wp\/v2\/pages\/28\/?payment-mode=paypal&#038;form-id=839\" data-id=\"839-1\" data-currency_symbol=\"&#36;\" data-currency_code=\"USD\" data-currency_position=\"before\" data-thousands_separator=\",\" data-decimal_separator=\".\" data-number_decimals=\"0\" method=\"post\" data-trp-original-action=\"https:\/\/www.streetmutts.com\/fr\/wp-json\/wp\/v2\/pages\/28\/?payment-mode=paypal&form-id=839\">\n\t\t\t\t<!-- The following field is for robots only, invisible to humans: -->\n\t\t\t\t<span class=\"give-hidden\" style=\"display: none !important;\">\n\t\t\t\t\t<label for=\"give-form-honeypot-839\"><\/label>\n\t\t\t\t\t<input id=\"give-form-honeypot-839\" type=\"text\" name=\"give-honeypot\"\n\t\t\t\t\t\t   class=\"give-honeypot give-hidden\"\/>\n\t\t\t\t<\/span>\n\n\t\t\t\t\t<input type=\"hidden\" name=\"give-form-id-prefix\" value=\"839-1\"\/>\n\t<input type=\"hidden\" name=\"give-form-id\" value=\"839\"\/>\n\t<input type=\"hidden\" name=\"give-form-title\" value=\"General Donation Form\"\/>\n\t<input type=\"hidden\" name=\"give-current-url\" value=\"https:\/\/www.streetmutts.com\/fr\/wp-json\/wp\/v2\/pages\/28\/\"\/>\n\t<input type=\"hidden\" name=\"give-form-url\" value=\"https:\/\/www.streetmutts.com\/fr\/wp-json\/wp\/v2\/pages\/28\/\"\/>\n\t\t\t<input type=\"hidden\" name=\"give-form-minimum\"\n\t\t\t   value=\"1\"\/>\n\t\t<input type=\"hidden\" name=\"give-form-maximum\"\n\t\t\t   value=\"999999.99\"\/>\n\t\t<input type=\"hidden\"  name=\"give-form-hash\" value=\"35261458a6\" data-time=\"1776353353\" data-nonce-life=\"86400\" data-donor-session=\"0\"\/><input type=\"hidden\" name=\"give-price-id\" value=\"1\"\/>\t\t<div class=\"give-total-wrap\">\n\t\t\t<div class=\"give-donation-amount form-row-wide\">\n\t\t\t\t<span class=\"give-currency-symbol give-currency-position-before\">&#036;<\/span>\t\t\t\t<label class=\"give-hidden\" for=\"give-amount\">Montant du don\u00a0:<\/label>\n\t\t\t\t<input class=\"give-text-input give-amount-top\" id=\"give-amount\" name=\"give-amount\" type=\"text\" inputmode=\"decimal\"\n\t\t\t\t\t   placeholder=\"\" value=\"10\" autocomplete=\"off\">\n\t\t\t\t\t\t\t<\/div>\n\t\t<\/div>\n\t\t<ul id=\"give-donation-level-radio-list\" class=\"give-donation-levels-wrap\"><li><input type=\"radio\" data-price-id=\"0\" class=\"give-radio-input give-radio-input-level give-radio-level-0\" value=\"5\" name=\"give-radio-donation-level\" id=\"give-radio-level-0\"  data-default=\"0\"><label for=\"give-radio-level-0\">&#036;5<\/label><\/li><li><input type=\"radio\" data-price-id=\"1\" class=\"give-radio-input give-radio-input-level give-radio-level-1 give-default-level\" value=\"10\" name=\"give-radio-donation-level\" id=\"give-radio-level-1\" checked=\"checked\" data-default=\"1\"><label for=\"give-radio-level-1\">&#036;10<\/label><\/li><li><input type=\"radio\" data-price-id=\"2\" class=\"give-radio-input give-radio-input-level give-radio-level-2\" value=\"25\" name=\"give-radio-donation-level\" id=\"give-radio-level-2\"  data-default=\"0\"><label for=\"give-radio-level-2\">&#036;25<\/label><\/li><li><input type=\"radio\" data-price-id=\"3\" class=\"give-radio-input give-radio-input-level give-radio-level-3\" value=\"50\" name=\"give-radio-donation-level\" id=\"give-radio-level-3\"  data-default=\"0\"><label for=\"give-radio-level-3\">&#036;50<\/label><\/li><li><input type=\"radio\" data-price-id=\"4\" class=\"give-radio-input give-radio-input-level give-radio-level-4\" value=\"100\" name=\"give-radio-donation-level\" id=\"give-radio-level-4\"  data-default=\"0\"><label for=\"give-radio-level-4\">&#036;100<\/label><\/li><li><input type=\"radio\" data-price-id=\"custom\" class=\"give-radio-input give-radio-input-level give-radio-level-custom\" name=\"give-radio-donation-level\" id=\"give-radio-level-custom\" value=\"custom\"><label for=\"give-radio-level-custom\">Montant personnalis\u00e9<\/label><\/li><\/ul>\n\t<fieldset id=\"give-payment-mode-select\" style=\"display: none;\">\n\t\t\t\t<legend\n\t\t\tclass=\"give-payment-mode-label\">S\u00e9lectionnez un moyen de paiement\t\t\t<span class=\"give-loading-text\"><span\n\t\t\t\t\tclass=\"give-loading-animation\"><\/span>\n\t\t\t<\/span>\n\t\t<\/legend>\n\n\t\t<div id=\"give-payment-mode-wrap\">\n\t\t\t\t\t\t<ul id=\"give-gateway-radio-list\">\n\t\t\t\t\t\t\t\t\t\t<li class=\"give-gateway-option-selected\">\n\t\t\t\t\t\t\t<input type=\"radio\" name=\"payment-mode\" class=\"give-gateway\"\n\t\t\t\t\t\t\t\t   id=\"give-gateway-paypal-839-1\"\n\t\t\t\t\t\t\t\t   value=\"paypal\" checked='checked'>\n\t\t\t\t\t\t\t<label for=\"give-gateway-paypal-839-1\"\n\t\t\t\t\t\t\t\t   class=\"give-gateway-option\"\n\t\t\t\t\t\t\t\t   id=\"give-gateway-option-paypal\"> Pay Pal<\/label>\n\t\t\t\t\t\t<\/li>\n\t\t\t\t\t\t\t\t\t<\/ul>\n\t\t\t\t\t<\/div>\n\t\t\t<\/fieldset>\n\n\t\n\t<div id=\"give_purchase_form_wrap\">\n\n\t\t\t<fieldset id=\"give_checkout_user_info\" class=\"\">\n\t\t<legend>\n\t\t\tInformations personnelles\t\t<\/legend>\n\n\t\t\n        <p id=\"give-first-name-wrap\" class=\"form-row form-row-first form-row-responsive\">\n            <label class=\"give-label\" for=\"give-first\">\n                Pr\u00e9nom                                    <span class=\"give-required-indicator\">*<\/span>\n                                <span class=\"give-tooltip hint--top hint--medium hint--bounce\" aria-label=\"Le pr\u00e9nom est utilis\u00e9 pour personnaliser votre don.\" rel=\"tooltip\"><i class=\"give-icon give-icon-question\"><\/i><\/span>            <\/label>\n            <input\n                class=\"give-input required\"\n                type=\"text\"\n                name=\"give_first\"\n                autocomplete=\"given-name\"\n                placeholder=\"Pr\u00e9nom\"\n                id=\"give-first\"\n                value=\"\"\n                 required aria-required=\"true\"             \/>\n        <\/p>\n\n        <p id=\"give-last-name-wrap\" class=\"form-row form-row-last form-row-responsive\">\n            <label class=\"give-label\" for=\"give-last\">\n                Nom                                <span class=\"give-tooltip hint--top hint--medium hint--bounce\" aria-label=\"Le nom est utilis\u00e9 pour personnaliser votre don.\" rel=\"tooltip\"><i class=\"give-icon give-icon-question\"><\/i><\/span>            <\/label>\n\n            <input\n                class=\"give-input\"\n                type=\"text\"\n                name=\"give_last\"\n                autocomplete=\"family-name\"\n                id=\"give-last\"\n                placeholder=\"Nom\"\n                value=\"\"\n                            \/>\n        <\/p>\n\n        \n                <p id=\"give-email-wrap\" class=\"form-row form-row-wide\">\n            <label class=\"give-label\" for=\"give-email\">\n                Adresse e-mail                                    <span class=\"give-required-indicator\">*<\/span>\n                                    <span class=\"give-tooltip hint--top hint--medium hint--bounce\" aria-label=\"Le re\u00e7u de don sera envoy\u00e9 \u00e0 cette adresse.\" rel=\"tooltip\"><i class=\"give-icon give-icon-question\"><\/i><\/span>            <\/label>\n            <input\n                class=\"give-input required\"\n                type=\"email\"\n                name=\"give_email\"\n                autocomplete=\"email\"\n                placeholder=\"Adresse e-mail\"\n                id=\"give-email\"\n                value=\"\"\n                 required aria-required=\"true\"             \/>\n\n        <\/p>\n\n        \n\t\t\t\t\t<\/fieldset>\n\t\t<fieldset id=\"give_purchase_submit\" class=\"give-donation-submit\">\n\t\t\t<p id=\"give-final-total-wrap\" class=\"form-wrap\">\n\t\t\t\t<span class=\"give-donation-total-label\">\n\t\t\tTotal du don\u00a0:\t\t<\/span>\n\t\t<span class=\"give-final-total-amount\"\n\t\t\t  data-total=\"10\">\n\t\t\t&#36;10\t\t<\/span>\n\t\t\t<\/p>\n\t\t<input type=\"hidden\" name=\"give_action\" value=\"purchase\"\/>\n\t<input type=\"hidden\" name=\"give-gateway\" value=\"paypal\"\/>\n\t\t<div class=\"give-submit-button-wrap give-clearfix\">\n\t\t<input type=\"submit\" class=\"give-submit give-btn\" id=\"give-purchase-button\" name=\"give-purchase\"\n\t\t\t   value=\"Donnez maintenant\" data-before-validation-label=\"Donnez maintenant\"\/>\n\t\t<span class=\"give-loading-animation\"><\/span>\n\t<\/div>\n\t\t<\/fieldset>\n\t\n\t<\/div>\n\n\t\t\t\t<input type=\"hidden\" name=\"trp-form-language\" value=\"fr\"\/><\/form>\n\n\t\t\t\n\t<\/div><!--end #give-form-839-->\n\t<\/div>\n<\/div>\n<\/div>\n<\/div>\n<\/div>\n<\/div>\n<\/div>\n<\/div>\n<\/div>\n<\/div>\n<\/div>\n<\/div>\n<\/div>\n<\/div>\n<\/div>\n<\/div>\n<\/div>\n<\/section>\n<\/div>","protected":false},"excerpt":{"rendered":"<p>Street Mutts est une organisation enregistr\u00e9e 501c3.<\/p>","protected":false},"author":1,"featured_media":0,"parent":0,"menu_order":0,"comment_status":"closed","ping_status":"closed","template":"brizy-blank-template.php","meta":{"give_campaign_id":0,"jetpack_post_was_ever_published":false,"footnotes":""},"class_list":["post-28","page","type-page","status-publish","hentry"],"campaignId":"","jetpack_sharing_enabled":true,"jetpack_shortlink":"https:\/\/wp.me\/P8uv1Z-s","jetpack-related-posts":[],"brizy_media":[],"_links":{"self":[{"href":"https:\/\/www.streetmutts.com\/fr\/wp-json\/wp\/v2\/pages\/28","targetHints":{"allow":["GET"]}}],"collection":[{"href":"https:\/\/www.streetmutts.com\/fr\/wp-json\/wp\/v2\/pages"}],"about":[{"href":"https:\/\/www.streetmutts.com\/fr\/wp-json\/wp\/v2\/types\/page"}],"author":[{"embeddable":true,"href":"https:\/\/www.streetmutts.com\/fr\/wp-json\/wp\/v2\/users\/1"}],"replies":[{"embeddable":true,"href":"https:\/\/www.streetmutts.com\/fr\/wp-json\/wp\/v2\/comments?post=28"}],"version-history":[{"count":6,"href":"https:\/\/www.streetmutts.com\/fr\/wp-json\/wp\/v2\/pages\/28\/revisions"}],"predecessor-version":[{"id":1180,"href":"https:\/\/www.streetmutts.com\/fr\/wp-json\/wp\/v2\/pages\/28\/revisions\/1180"}],"wp:attachment":[{"href":"https:\/\/www.streetmutts.com\/fr\/wp-json\/wp\/v2\/media?parent=28"}],"curies":[{"name":"wp","href":"https:\/\/api.w.org\/{rel}","templated":true}]}}